{"id":1772,"date":"2020-08-17T12:13:18","date_gmt":"2020-08-17T10:13:18","guid":{"rendered":"https:\/\/www.hecht-jetzt.de\/?page_id=1772"},"modified":"2022-11-29T12:22:53","modified_gmt":"2022-11-29T11:22:53","slug":"unendlich","status":"publish","type":"page","link":"https:\/\/www.hecht-jetzt.de\/en\/unendlich\/","title":{"rendered":"INFINITE"},"content":{"rendered":"<div data-elementor-type=\"wp-page\" data-elementor-id=\"1772\" class=\"elementor elementor-1772\" data-elementor-post-type=\"page\">\n\t\t\t\t\t\t<section class=\"elementor-section elementor-top-section elementor-element elementor-element-bbe418a elementor-section-full_width elementor-section-content-middle elementor-section-height-default elementor-section-height-default\" data-id=\"bbe418a\" data-element_type=\"section\" data-e-type=\"section\" data-settings=\"{&quot;background_background&quot;:&quot;classic&quot;}\">\n\t\t\t\t\t\t\t<div class=\"elementor-background-overlay\"><\/div>\n\t\t\t\t\t\t\t<div class=\"elementor-container elementor-column-gap-no\">\n\t\t\t\t\t<div class=\"elementor-column elementor-col-100 elementor-top-column elementor-element elementor-element-66b88b7\" data-id=\"66b88b7\" data-element_type=\"column\" data-e-type=\"column\">\n\t\t\t<div class=\"elementor-widget-wrap elementor-element-populated\">\n\t\t\t\t\t\t<div class=\"elementor-element elementor-element-780c9c1 elementor-view-default elementor-invisible elementor-widget elementor-widget-icon\" data-id=\"780c9c1\" data-element_type=\"widget\" data-e-type=\"widget\" data-settings=\"{&quot;_animation&quot;:&quot;headShake&quot;}\" data-widget_type=\"icon.default\">\n\t\t\t\t<div class=\"elementor-widget-container\">\n\t\t\t\t\t\t\t<div class=\"elementor-icon-wrapper\">\n\t\t\t<div class=\"elementor-icon\">\n\t\t\t<i aria-hidden=\"true\" class=\"iconwave icon-wavewave\"><\/i>\t\t\t<\/div>\n\t\t<\/div>\n\t\t\t\t\t\t<\/div>\n\t\t\t\t<\/div>\n\t\t\t\t<div class=\"elementor-element elementor-element-1da26c4 elementor-invisible elementor-widget elementor-widget-heading\" data-id=\"1da26c4\" data-element_type=\"widget\" data-e-type=\"widget\" data-settings=\"{&quot;_animation&quot;:&quot;fadeInRight&quot;}\" data-widget_type=\"heading.default\">\n\t\t\t\t<div class=\"elementor-widget-container\">\n\t\t\t\t\t<h1 class=\"elementor-heading-title elementor-size-default\">Combined forces<\/h1>\t\t\t\t<\/div>\n\t\t\t\t<\/div>\n\t\t\t\t\t<\/div>\n\t\t<\/div>\n\t\t\t\t\t<\/div>\n\t\t<\/section>\n\t\t\t\t<section class=\"elementor-section elementor-top-section elementor-element elementor-element-a764804 elementor-section-content-middle elementor-section-boxed elementor-section-height-default elementor-section-height-default\" data-id=\"a764804\" data-element_type=\"section\" data-e-type=\"section\" data-settings=\"{&quot;background_background&quot;:&quot;classic&quot;}\">\n\t\t\t\t\t\t<div class=\"elementor-container elementor-column-gap-no\">\n\t\t\t\t\t<div class=\"elementor-column elementor-col-100 elementor-top-column elementor-element elementor-element-8dedf00\" data-id=\"8dedf00\" data-element_type=\"column\" data-e-type=\"column\">\n\t\t\t<div class=\"elementor-widget-wrap elementor-element-populated\">\n\t\t\t\t\t\t<div class=\"elementor-element elementor-element-77f5582 elementor-widget elementor-widget-heading\" data-id=\"77f5582\" data-element_type=\"widget\" data-e-type=\"widget\" data-widget_type=\"heading.default\">\n\t\t\t\t<div class=\"elementor-widget-container\">\n\t\t\t\t\t<h2 class=\"elementor-heading-title elementor-size-default\">Maximum synergies<\/h2>\t\t\t\t<\/div>\n\t\t\t\t<\/div>\n\t\t\t\t<div class=\"elementor-element elementor-element-5bbcb48 elementor-widget elementor-widget-text-editor\" data-id=\"5bbcb48\" data-element_type=\"widget\" data-e-type=\"widget\" data-widget_type=\"text-editor.default\">\n\t\t\t\t<div class=\"elementor-widget-container\">\n\t\t\t\t\t\t\t\t\t<p>He who abandons his own kind only abandons himself. <strong>&#8222;Bertolt Brecht&#8220; <\/strong>We joined forces for this reason, to create a new form of work.<br \/>Network\u00a0<strong><br \/><\/strong><\/p>\t\t\t\t\t\t\t\t<\/div>\n\t\t\t\t<\/div>\n\t\t\t\t\t<\/div>\n\t\t<\/div>\n\t\t\t\t\t<\/div>\n\t\t<\/section>\n\t\t\t\t<section class=\"elementor-section elementor-top-section elementor-element elementor-element-65fcfccc elementor-section-boxed elementor-section-height-default elementor-section-height-default\" data-id=\"65fcfccc\" data-element_type=\"section\" data-e-type=\"section\" data-settings=\"{&quot;background_background&quot;:&quot;classic&quot;}\">\n\t\t\t\t\t\t\t<div class=\"elementor-background-overlay\"><\/div>\n\t\t\t\t\t\t\t<div class=\"elementor-container elementor-column-gap-no\">\n\t\t\t\t\t<div class=\"elementor-column elementor-col-33 elementor-top-column elementor-element elementor-element-6c8ea567\" data-id=\"6c8ea567\" data-element_type=\"column\" data-e-type=\"column\">\n\t\t\t<div class=\"elementor-widget-wrap elementor-element-populated\">\n\t\t\t\t\t\t<div class=\"elementor-element elementor-element-89fe6e2 elementor-widget elementor-widget-image\" data-id=\"89fe6e2\" data-element_type=\"widget\" data-e-type=\"widget\" data-widget_type=\"image.default\">\n\t\t\t\t<div class=\"elementor-widget-container\">\n\t\t\t\t\t\t\t\t\t\t\t\t\t\t\t\t<a href=\"https:\/\/www.hechtzeit.de\" target=\"_blank\">\n\t\t\t\t\t\t\t<img fetchpriority=\"high\" decoding=\"async\" width=\"754\" height=\"750\" src=\"https:\/\/www.hecht-jetzt.de\/wp-content\/uploads\/2020\/08\/Hechtzeit.jpg\" class=\"attachment-full size-full wp-image-2334\" alt=\"\" srcset=\"https:\/\/www.hecht-jetzt.de\/wp-content\/uploads\/2020\/08\/Hechtzeit.jpg 754w, https:\/\/www.hecht-jetzt.de\/wp-content\/uploads\/2020\/08\/Hechtzeit-300x298.jpg 300w, https:\/\/www.hecht-jetzt.de\/wp-content\/uploads\/2020\/08\/Hechtzeit-150x150.jpg 150w\" sizes=\"(max-width: 754px) 100vw, 754px\" \/>\t\t\t\t\t\t\t\t<\/a>\n\t\t\t\t\t\t\t\t\t\t\t\t\t\t\t<\/div>\n\t\t\t\t<\/div>\n\t\t\t\t<div class=\"elementor-element elementor-element-4c1ba47 elementor-widget elementor-widget-image\" data-id=\"4c1ba47\" data-element_type=\"widget\" data-e-type=\"widget\" data-widget_type=\"image.default\">\n\t\t\t\t<div class=\"elementor-widget-container\">\n\t\t\t\t\t\t\t\t\t\t\t\t\t\t\t\t<a href=\"http:\/\/stimmwert.de\/\" target=\"_blank\">\n\t\t\t\t\t\t\t<img decoding=\"async\" width=\"754\" height=\"750\" src=\"https:\/\/www.hecht-jetzt.de\/wp-content\/uploads\/2020\/08\/Stimmwert.jpg\" class=\"attachment-large size-large wp-image-2372\" alt=\"\" srcset=\"https:\/\/www.hecht-jetzt.de\/wp-content\/uploads\/2020\/08\/Stimmwert.jpg 754w, https:\/\/www.hecht-jetzt.de\/wp-content\/uploads\/2020\/08\/Stimmwert-300x298.jpg 300w, https:\/\/www.hecht-jetzt.de\/wp-content\/uploads\/2020\/08\/Stimmwert-150x150.jpg 150w\" sizes=\"(max-width: 754px) 100vw, 754px\" \/>\t\t\t\t\t\t\t\t<\/a>\n\t\t\t\t\t\t\t\t\t\t\t\t\t\t\t<\/div>\n\t\t\t\t<\/div>\n\t\t\t\t\t<\/div>\n\t\t<\/div>\n\t\t\t\t<div class=\"elementor-column elementor-col-33 elementor-top-column elementor-element elementor-element-60e600c4\" data-id=\"60e600c4\" data-element_type=\"column\" data-e-type=\"column\">\n\t\t\t<div class=\"elementor-widget-wrap elementor-element-populated\">\n\t\t\t\t\t\t<div class=\"elementor-element elementor-element-4f5282a elementor-widget elementor-widget-image\" data-id=\"4f5282a\" data-element_type=\"widget\" data-e-type=\"widget\" data-widget_type=\"image.default\">\n\t\t\t\t<div class=\"elementor-widget-container\">\n\t\t\t\t\t\t\t\t\t\t\t\t\t\t\t\t<a href=\"https:\/\/sprin10.de\/\" target=\"_blank\">\n\t\t\t\t\t\t\t<img decoding=\"async\" width=\"754\" height=\"750\" src=\"https:\/\/www.hecht-jetzt.de\/wp-content\/uploads\/2020\/08\/Networks_sprin10.jpg\" class=\"attachment-large size-large wp-image-2336\" alt=\"\" srcset=\"https:\/\/www.hecht-jetzt.de\/wp-content\/uploads\/2020\/08\/Networks_sprin10.jpg 754w, https:\/\/www.hecht-jetzt.de\/wp-content\/uploads\/2020\/08\/Networks_sprin10-300x298.jpg 300w, https:\/\/www.hecht-jetzt.de\/wp-content\/uploads\/2020\/08\/Networks_sprin10-150x150.jpg 150w\" sizes=\"(max-width: 754px) 100vw, 754px\" \/>\t\t\t\t\t\t\t\t<\/a>\n\t\t\t\t\t\t\t\t\t\t\t\t\t\t\t<\/div>\n\t\t\t\t<\/div>\n\t\t\t\t<div class=\"elementor-element elementor-element-fa0863e elementor-widget elementor-widget-image\" data-id=\"fa0863e\" data-element_type=\"widget\" data-e-type=\"widget\" data-widget_type=\"image.default\">\n\t\t\t\t<div class=\"elementor-widget-container\">\n\t\t\t\t\t\t\t\t\t\t\t\t\t\t\t\t<a href=\"https:\/\/www.rheacting.de\/\" target=\"_blank\">\n\t\t\t\t\t\t\t<img loading=\"lazy\" decoding=\"async\" width=\"754\" height=\"750\" src=\"https:\/\/www.hecht-jetzt.de\/wp-content\/uploads\/2020\/08\/Rheacting.jpg\" class=\"attachment-large size-large wp-image-2362\" alt=\"\" srcset=\"https:\/\/www.hecht-jetzt.de\/wp-content\/uploads\/2020\/08\/Rheacting.jpg 754w, https:\/\/www.hecht-jetzt.de\/wp-content\/uploads\/2020\/08\/Rheacting-300x298.jpg 300w, https:\/\/www.hecht-jetzt.de\/wp-content\/uploads\/2020\/08\/Rheacting-150x150.jpg 150w\" sizes=\"(max-width: 754px) 100vw, 754px\" \/>\t\t\t\t\t\t\t\t<\/a>\n\t\t\t\t\t\t\t\t\t\t\t\t\t\t\t<\/div>\n\t\t\t\t<\/div>\n\t\t\t\t<div class=\"elementor-element elementor-element-9cde11b elementor-widget elementor-widget-image\" data-id=\"9cde11b\" data-element_type=\"widget\" data-e-type=\"widget\" data-widget_type=\"image.default\">\n\t\t\t\t<div class=\"elementor-widget-container\">\n\t\t\t\t\t\t\t\t\t\t\t\t\t\t\t<img loading=\"lazy\" decoding=\"async\" width=\"754\" height=\"750\" src=\"https:\/\/www.hecht-jetzt.de\/wp-content\/uploads\/2021\/10\/Hechtzeit-1.jpg\" class=\"attachment-large size-large wp-image-2686\" alt=\"\" srcset=\"https:\/\/www.hecht-jetzt.de\/wp-content\/uploads\/2021\/10\/Hechtzeit-1.jpg 754w, https:\/\/www.hecht-jetzt.de\/wp-content\/uploads\/2021\/10\/Hechtzeit-1-300x298.jpg 300w, https:\/\/www.hecht-jetzt.de\/wp-content\/uploads\/2021\/10\/Hechtzeit-1-150x150.jpg 150w, https:\/\/www.hecht-jetzt.de\/wp-content\/uploads\/2021\/10\/Hechtzeit-1-12x12.jpg 12w\" sizes=\"(max-width: 754px) 100vw, 754px\" \/>\t\t\t\t\t\t\t\t\t\t\t\t\t\t\t<\/div>\n\t\t\t\t<\/div>\n\t\t\t\t\t<\/div>\n\t\t<\/div>\n\t\t\t\t<div class=\"elementor-column elementor-col-33 elementor-top-column elementor-element elementor-element-23d3f41\" data-id=\"23d3f41\" data-element_type=\"column\" data-e-type=\"column\">\n\t\t\t<div class=\"elementor-widget-wrap elementor-element-populated\">\n\t\t\t\t\t\t<div class=\"elementor-element elementor-element-50136faf elementor-widget elementor-widget-image\" data-id=\"50136faf\" data-element_type=\"widget\" data-e-type=\"widget\" data-widget_type=\"image.default\">\n\t\t\t\t<div class=\"elementor-widget-container\">\n\t\t\t\t\t\t\t\t\t\t\t\t\t\t\t\t<a href=\"https:\/\/www.logoes.de\" target=\"_blank\">\n\t\t\t\t\t\t\t<img loading=\"lazy\" decoding=\"async\" width=\"754\" height=\"750\" src=\"https:\/\/www.hecht-jetzt.de\/wp-content\/uploads\/2020\/08\/Logoes.jpg\" class=\"attachment-large size-large wp-image-2358\" alt=\"\" srcset=\"https:\/\/www.hecht-jetzt.de\/wp-content\/uploads\/2020\/08\/Logoes.jpg 754w, https:\/\/www.hecht-jetzt.de\/wp-content\/uploads\/2020\/08\/Logoes-300x298.jpg 300w, https:\/\/www.hecht-jetzt.de\/wp-content\/uploads\/2020\/08\/Logoes-150x150.jpg 150w\" sizes=\"(max-width: 754px) 100vw, 754px\" \/>\t\t\t\t\t\t\t\t<\/a>\n\t\t\t\t\t\t\t\t\t\t\t\t\t\t\t<\/div>\n\t\t\t\t<\/div>\n\t\t\t\t<div class=\"elementor-element elementor-element-7d6d7c5 elementor-widget elementor-widget-image\" data-id=\"7d6d7c5\" data-element_type=\"widget\" data-e-type=\"widget\" data-widget_type=\"image.default\">\n\t\t\t\t<div class=\"elementor-widget-container\">\n\t\t\t\t\t\t\t\t\t\t\t\t\t\t\t\t<a href=\"http:\/\/www.leckamann.de\" target=\"_blank\">\n\t\t\t\t\t\t\t<img loading=\"lazy\" decoding=\"async\" width=\"754\" height=\"750\" src=\"https:\/\/www.hecht-jetzt.de\/wp-content\/uploads\/2020\/08\/Leckamann.jpg\" class=\"attachment-large size-large wp-image-2367\" alt=\"\" srcset=\"https:\/\/www.hecht-jetzt.de\/wp-content\/uploads\/2020\/08\/Leckamann.jpg 754w, https:\/\/www.hecht-jetzt.de\/wp-content\/uploads\/2020\/08\/Leckamann-300x298.jpg 300w, https:\/\/www.hecht-jetzt.de\/wp-content\/uploads\/2020\/08\/Leckamann-150x150.jpg 150w\" sizes=\"(max-width: 754px) 100vw, 754px\" \/>\t\t\t\t\t\t\t\t<\/a>\n\t\t\t\t\t\t\t\t\t\t\t\t\t\t\t<\/div>\n\t\t\t\t<\/div>\n\t\t\t\t<div class=\"elementor-element elementor-element-ddb8ac5 elementor-widget elementor-widget-image\" data-id=\"ddb8ac5\" data-element_type=\"widget\" data-e-type=\"widget\" data-widget_type=\"image.default\">\n\t\t\t\t<div class=\"elementor-widget-container\">\n\t\t\t\t\t\t\t\t\t\t\t\t\t\t\t<img loading=\"lazy\" decoding=\"async\" width=\"754\" height=\"750\" src=\"https:\/\/www.hecht-jetzt.de\/wp-content\/uploads\/2021\/10\/Hechtzeit-1.jpg\" class=\"attachment-large size-large wp-image-2686\" alt=\"\" srcset=\"https:\/\/www.hecht-jetzt.de\/wp-content\/uploads\/2021\/10\/Hechtzeit-1.jpg 754w, https:\/\/www.hecht-jetzt.de\/wp-content\/uploads\/2021\/10\/Hechtzeit-1-300x298.jpg 300w, https:\/\/www.hecht-jetzt.de\/wp-content\/uploads\/2021\/10\/Hechtzeit-1-150x150.jpg 150w, https:\/\/www.hecht-jetzt.de\/wp-content\/uploads\/2021\/10\/Hechtzeit-1-12x12.jpg 12w\" sizes=\"(max-width: 754px) 100vw, 754px\" \/>\t\t\t\t\t\t\t\t\t\t\t\t\t\t\t<\/div>\n\t\t\t\t<\/div>\n\t\t\t\t\t<\/div>\n\t\t<\/div>\n\t\t\t\t\t<\/div>\n\t\t<\/section>\n\t\t\t\t<\/div>","protected":false},"excerpt":{"rendered":"<p>Vereinte Kr\u00e4fte Maximale Synergien Wer im Stich l\u00e4sst seinesgleichen, l\u00e4sst ja nur sich selbst im Stich. &#8222;Bertolt Brecht&#8220; Aus diesem Grund schlie\u00dfen wir uns zu einer neuen Form der Arbeit zusammen.Network\u00a0<\/p>","protected":false},"author":1,"featured_media":0,"parent":0,"menu_order":0,"comment_status":"closed","ping_status":"closed","template":"","meta":{"site-sidebar-layout":"no-sidebar","site-content-layout":"page-builder","ast-site-content-layout":"","site-content-style":"default","site-sidebar-style":"default","ast-global-header-display":"","ast-banner-title-visibility":"","ast-main-header-display":"","ast-hfb-above-header-display":"","ast-hfb-below-header-display":"","ast-hfb-mobile-header-display":"","site-post-title":"disabled","ast-breadcrumbs-content":"","ast-featured-img":"disabled","footer-sml-layout":"","theme-transparent-header-meta":"default","adv-header-id-meta":"","stick-header-meta":"default","header-above-stick-meta":"","header-main-stick-meta":"","header-below-stick-meta":"","astra-migrate-meta-layouts":"default","ast-page-background-enabled":"default","ast-page-background-meta":{"desktop":{"background-color":"","background-image":"","background-repeat":"repeat","background-position":"center center","background-size":"auto","background-attachment":"scroll","background-type":"","background-media":"","overlay-type":"","overlay-color":"","overlay-opacity":"","overlay-gradient":""},"tablet":{"background-color":"","background-image":"","background-repeat":"repeat","background-position":"center center","background-size":"auto","background-attachment":"scroll","background-type":"","background-media":"","overlay-type":"","overlay-color":"","overlay-opacity":"","overlay-gradient":""},"mobile":{"background-color":"","background-image":"","background-repeat":"repeat","background-position":"center center","background-size":"auto","background-attachment":"scroll","background-type":"","background-media":"","overlay-type":"","overlay-color":"","overlay-opacity":"","overlay-gradient":""}},"ast-content-background-meta":{"desktop":{"background-color":"var(--ast-global-color-5)","background-image":"","background-repeat":"repeat","background-position":"center center","background-size":"auto","background-attachment":"scroll","background-type":"","background-media":"","overlay-type":"","overlay-color":"","overlay-opacity":"","overlay-gradient":""},"tablet":{"background-color":"var(--ast-global-color-5)","background-image":"","background-repeat":"repeat","background-position":"center center","background-size":"auto","background-attachment":"scroll","background-type":"","background-media":"","overlay-type":"","overlay-color":"","overlay-opacity":"","overlay-gradient":""},"mobile":{"background-color":"var(--ast-global-color-5)","background-image":"","background-repeat":"repeat","background-position":"center center","background-size":"auto","background-attachment":"scroll","background-type":"","background-media":"","overlay-type":"","overlay-color":"","overlay-opacity":"","overlay-gradient":""}},"footnotes":""},"class_list":["post-1772","page","type-page","status-publish","hentry"],"_links":{"self":[{"href":"https:\/\/www.hecht-jetzt.de\/en\/wp-json\/wp\/v2\/pages\/1772","targetHints":{"allow":["GET"]}}],"collection":[{"href":"https:\/\/www.hecht-jetzt.de\/en\/wp-json\/wp\/v2\/pages"}],"about":[{"href":"https:\/\/www.hecht-jetzt.de\/en\/wp-json\/wp\/v2\/types\/page"}],"author":[{"embeddable":true,"href":"https:\/\/www.hecht-jetzt.de\/en\/wp-json\/wp\/v2\/users\/1"}],"replies":[{"embeddable":true,"href":"https:\/\/www.hecht-jetzt.de\/en\/wp-json\/wp\/v2\/comments?post=1772"}],"version-history":[{"count":10,"href":"https:\/\/www.hecht-jetzt.de\/en\/wp-json\/wp\/v2\/pages\/1772\/revisions"}],"predecessor-version":[{"id":2967,"href":"https:\/\/www.hecht-jetzt.de\/en\/wp-json\/wp\/v2\/pages\/1772\/revisions\/2967"}],"wp:attachment":[{"href":"https:\/\/www.hecht-jetzt.de\/en\/wp-json\/wp\/v2\/media?parent=1772"}],"curies":[{"name":"wp","href":"https:\/\/api.w.org\/{rel}","templated":true}]}}